{"id":150,"date":"2016-10-15T19:52:23","date_gmt":"2016-10-15T17:52:23","guid":{"rendered":"http:\/\/localhost\/PaulineMorin.com\/?page_id=150"},"modified":"2025-12-04T13:24:30","modified_gmt":"2025-12-04T12:24:30","slug":"bienvenue-au-salon-de-beaute-pauline-morin","status":"publish","type":"page","link":"https:\/\/www.paulinemorin.com\/index.php\/bienvenue-au-salon-de-beaute-pauline-morin\/","title":{"rendered":"Bienvenue!"},"content":{"rendered":"<p><img loading=\"lazy\" class=\"alignnone size-large wp-image-4761\" src=\"https:\/\/www.paulinemorin.com\/wp-content\/uploads\/2024\/02\/Facetune_07-02-2024-11-59-37.tif\" alt=\"\" width=\"1\" height=\"1\" \/><\/p>\n<p><a href=\"https:\/\/www.paulinemorin.com\/index.php\/bienvenue-au-salon-de-beaute-pauline-morin\/img_20220304_154431\/\" rel=\"attachment wp-att-5116\"><img loading=\"lazy\" class=\"alignnone wp-image-3475 size-medium\" src=\"https:\/\/www.paulinemorin.com\/wp-content\/uploads\/2022\/03\/IMG_20220304_154431-201x300.jpg\" alt=\"\" width=\"201\" height=\"300\" srcset=\"https:\/\/www.paulinemorin.com\/wp-content\/uploads\/2022\/03\/IMG_20220304_154431-201x300.jpg 201w, https:\/\/www.paulinemorin.com\/wp-content\/uploads\/2022\/03\/IMG_20220304_154431-687x1024.jpg 687w, https:\/\/www.paulinemorin.com\/wp-content\/uploads\/2022\/03\/IMG_20220304_154431-768x1145.jpg 768w, https:\/\/www.paulinemorin.com\/wp-content\/uploads\/2022\/03\/IMG_20220304_154431-1030x1536.jpg 1030w, https:\/\/www.paulinemorin.com\/wp-content\/uploads\/2022\/03\/IMG_20220304_154431.jpg 1048w\" sizes=\"(max-width: 201px) 100vw, 201px\" \/><\/a><\/p>\n<p><a href=\"https:\/\/www.paulinemorin.com\/wp-content\/uploads\/2023\/02\/Facetune_13-02-2023-16-40-44.heic\"><img loading=\"lazy\" class=\"alignnone size-medium wp-image-3912\" src=\"https:\/\/www.paulinemorin.com\/wp-content\/uploads\/2023\/02\/Facetune_13-02-2023-16-40-44.heic\" alt=\"\" width=\"1\" height=\"1\" \/><\/a><a href=\"https:\/\/www.paulinemorin.com\/wp-content\/uploads\/2023\/02\/Facetune_13-02-2023-16-40-44-2.heic\"><img loading=\"lazy\" class=\"alignnone size-medium wp-image-3913\" src=\"https:\/\/www.paulinemorin.com\/wp-content\/uploads\/2023\/02\/Facetune_13-02-2023-16-40-44-2.heic\" alt=\"\" width=\"1\" height=\"1\" \/><\/a>Sp\u00e9cialiste de la beaut\u00e9 depuis de nombreuses ann\u00e9es et esth\u00e9ticienne, form\u00e9e \u00e0 diff\u00e9rentes techniques, je r\u00e9alise les poses d&rsquo;ongles en gel, gel-X et vernis semi permanent.<\/p>\n<p>Je suis \u00e9galement Permanent make-up artist (PMUA) et body pierceur sp\u00e9cialis\u00e9e dans les diff\u00e9rents piercings des oreilles.<\/p>\n<p>Je r\u00e9alise aussi les mini tatouages.<\/p>\n<p class=\"_04xlpA direction-ltr align-center para-style-body\"><span class=\"JsGRdQ\">Je suis formatrice en onglerie depuis 2019 et formatrice en body piercings (plus d&rsquo;informations dans la section formations)<\/span><\/p>\n<p class=\"_04xlpA direction-ltr align-center para-style-body\"><span class=\"JsGRdQ\">En tant qu&rsquo;ancienne instructrice de fitness et coach, je voue un attachement particulier \u00e0 enseigner les choses qui me passionne. <\/span><\/p>\n<p class=\"_04xlpA direction-ltr align-center para-style-body\"><span class=\"JsGRdQ\">Mes ann\u00e9es d&rsquo;exp\u00e9rience comme responsable commercial me permettent d&rsquo;avoir un bon sens de la communication avec mes clientes et \u00e9l\u00e8ves. J&rsquo;essaye de contribuer \u00e0 l&rsquo;avancement de mes \u00e9l\u00e8ves en pr\u00e9sentiel mais aussi via mes formations en ligne.<\/span><\/p>\n<ul>\n<li>17 ans d&rsquo; exp\u00e9rience comme Nail technician, 6 years comme Nail educator.<\/li>\n<\/ul>\n<p>&nbsp;<\/p>\n<p style=\"text-align: left;\"><strong>Formation d&rsquo;esth\u00e9ticienne 2008 2010 IFAPME <\/strong><\/p>\n<p style=\"text-align: left;\"><strong>Dipl\u00f4m\u00e9e Tanya cosm\u00e9tique formation de base en gel\u00a0 \u00ab\u00a0gel et lumi\u00e8re\u00a0\u00bb depuis 2008.<\/strong><\/p>\n<p style=\"text-align: left;\"><strong>Certifi\u00e9e Pronails Ultra natural nails.2017 <\/strong><\/p>\n<p style=\"text-align: left;\"><strong>Certifi\u00e9e Pronails Babyboomer.2017 <\/strong><\/p>\n<p><strong>Certifi\u00e9e Pronails Sopolish protect&amp;peel.2017 <\/strong><\/p>\n<p><strong>Certifi\u00e9e Pronails academy workshop master drop technique &amp; one drop technique.2017 <\/strong><\/p>\n<p><strong>Certifi\u00e9e Pronails One Stroke.2018 <\/strong><\/p>\n<p><strong>Pronails salon Sopolish protect&amp;peel.2018 <\/strong><\/p>\n<p><strong>Certifi\u00e9e<\/strong>\u00a0<strong>Pronails academy advanced nail art workshop. 2018 <\/strong><\/p>\n<p><strong>Certifi\u00e9e manucure combin\u00e9e Indigonails Belgium. 2019 <\/strong><\/p>\n<p><strong>Certifi\u00e9e advenced shape Indigonails Belgium. 2019 <\/strong><\/p>\n<p><strong>Certifi\u00e9e retouche express et redressement Nails company Belgium.2020\u00a0 <\/strong><\/p>\n<p><strong>Certifi\u00e9e Perfect gel Nails company Belgium. 2020 <\/strong><\/p>\n<p><strong>Certifi\u00e9e upgrade gel Nails company Belgium. 2020 <\/strong><\/p>\n<p><strong>Certifi\u00e9e salon exclusif\u00a0 apr\u00e8s nail 2020  <\/strong><\/p>\n<p><strong>Certifi\u00e9e The gelbottle academy BIAB no refining application technique. 2021 <\/strong><\/p>\n<p><strong>Certifi\u00e9e Nailsproacademy U.S.A Soft gel extensions pose gelx. 2021 <\/strong><\/p>\n<p><strong>Certifi\u00e9e m\u00e9thode Bleucocotte manucure douce D\u00e9cembre 2021 <\/strong><\/p>\n<p><strong>Formation Irina Baloup 2022 <\/strong><\/p>\n<p><strong>Formation E-file by Anastasia Milton\u00a0 2023<\/strong> <strong><\/strong><\/p>\n<p><img loading=\"lazy\" class=\"alignnone size-large wp-image-3684\" src=\"https:\/\/www.paulinemorin.com\/wp-content\/uploads\/2023\/01\/3-1024x1024.jpg\" alt=\"\" width=\"648\" height=\"648\" srcset=\"https:\/\/www.paulinemorin.com\/wp-content\/uploads\/2023\/01\/3-1024x1024.jpg 1024w, https:\/\/www.paulinemorin.com\/wp-content\/uploads\/2023\/01\/3-300x300.jpg 300w, https:\/\/www.paulinemorin.com\/wp-content\/uploads\/2023\/01\/3-150x150.jpg 150w, https:\/\/www.paulinemorin.com\/wp-content\/uploads\/2023\/01\/3-768x768.jpg 768w, https:\/\/www.paulinemorin.com\/wp-content\/uploads\/2023\/01\/3-1536x1536.jpg 1536w, https:\/\/www.paulinemorin.com\/wp-content\/uploads\/2023\/01\/3-2048x2048.jpg 2048w, https:\/\/www.paulinemorin.com\/wp-content\/uploads\/2023\/01\/3-60x60.jpg 60w\" sizes=\"(max-width: 648px) 100vw, 648px\" \/><\/p>\n<p id=\"firstHeading\" class=\"firstHeading\">\u00c0 <strong>savoir aussi:<\/strong><\/p>\n<p>Je ne travaille qu&rsquo;avec des marques professionnelles aux normes C.E, dont plusieurs Vegan &amp; cruelty free.<\/p>\n<p>Indigonails, Victoria Vynn, The gelbottle, Apresnail, Didier Lab, pour l&rsquo;onglerie et Phibrows pour le maquillage permanent. Pour le piercing je travaille avec Antikorps, itc, p&rsquo;titrock et killer ink.<\/p>\n<p>Pour les tattoos je travaille avec les marques, killer ink, magic moon, world famous tattoo ink, ptit rock, panthera.<\/p>\n<p>Mes outils sont tous <strong>nettoy\u00e9s<\/strong>, <strong>d\u00e9sinfect\u00e9s<\/strong> et<strong> st\u00e9rilis\u00e9s.<\/strong><\/p>\n<p>&nbsp;<\/p>\n<p><strong><span style=\"color: #993366;\">Extensions de cils &amp; Lash lifting:<\/span><\/strong><\/p>\n<p><strong>Micils \u2122 by Pauline Morin 2019 <\/strong><\/p>\n<p><strong>Formation\u00a0<\/strong><strong>cil \u00e0 cil<\/strong><strong>\u00a0Elicils 2011 <\/strong><\/p>\n<p><strong>Certifi\u00e9e 2D-3D technique Posh lashes 2018 <\/strong><\/p>\n<p><strong>Certifi\u00e9e Lash lifting, Perfect eyelash 2018 <\/strong><\/p>\n<p>&nbsp;<\/p>\n<p><span style=\"color: #993366;\"><strong>. <em>Formation conseill\u00e8re en image:<\/em><\/strong><\/span><\/p>\n<p><strong>Personal shopper<\/strong> <strong>In your style 2019 formation by Julie Terreur <\/strong><\/p>\n<p><img loading=\"lazy\" class=\"alignnone size-large wp-image-3682\" src=\"https:\/\/www.paulinemorin.com\/wp-content\/uploads\/2023\/01\/1-1024x1024.jpg\" alt=\"\" width=\"648\" height=\"648\" srcset=\"https:\/\/www.paulinemorin.com\/wp-content\/uploads\/2023\/01\/1-1024x1024.jpg 1024w, https:\/\/www.paulinemorin.com\/wp-content\/uploads\/2023\/01\/1-300x300.jpg 300w, https:\/\/www.paulinemorin.com\/wp-content\/uploads\/2023\/01\/1-150x150.jpg 150w, https:\/\/www.paulinemorin.com\/wp-content\/uploads\/2023\/01\/1-768x768.jpg 768w, https:\/\/www.paulinemorin.com\/wp-content\/uploads\/2023\/01\/1-1536x1536.jpg 1536w, https:\/\/www.paulinemorin.com\/wp-content\/uploads\/2023\/01\/1-2048x2048.jpg 2048w, https:\/\/www.paulinemorin.com\/wp-content\/uploads\/2023\/01\/1-60x60.jpg 60w\" sizes=\"(max-width: 648px) 100vw, 648px\" \/><\/p>\n<p><strong><em>.Maquillage permanent:<\/em><\/strong><\/p>\n<ul>\n<li><strong>Formation M.Esthetique PMUA brows master Phibrows 2023 <\/strong><\/li>\n<li><strong>Formation Hygi\u00e8ne et salubrit\u00e9 IFAPME 2023 <\/strong><\/li>\n<\/ul>\n<p><img loading=\"lazy\" class=\"alignnone size-large wp-image-3970\" src=\"https:\/\/www.paulinemorin.com\/wp-content\/uploads\/2023\/02\/A36C9B59-3964-41C7-B5EC-B5AC79A277CF-1024x1024.jpeg\" alt=\"\" width=\"648\" height=\"648\" srcset=\"https:\/\/www.paulinemorin.com\/wp-content\/uploads\/2023\/02\/A36C9B59-3964-41C7-B5EC-B5AC79A277CF-1024x1024.jpeg 1024w, https:\/\/www.paulinemorin.com\/wp-content\/uploads\/2023\/02\/A36C9B59-3964-41C7-B5EC-B5AC79A277CF-300x300.jpeg 300w, https:\/\/www.paulinemorin.com\/wp-content\/uploads\/2023\/02\/A36C9B59-3964-41C7-B5EC-B5AC79A277CF-150x150.jpeg 150w, https:\/\/www.paulinemorin.com\/wp-content\/uploads\/2023\/02\/A36C9B59-3964-41C7-B5EC-B5AC79A277CF-768x768.jpeg 768w, https:\/\/www.paulinemorin.com\/wp-content\/uploads\/2023\/02\/A36C9B59-3964-41C7-B5EC-B5AC79A277CF-1536x1536.jpeg 1536w, https:\/\/www.paulinemorin.com\/wp-content\/uploads\/2023\/02\/A36C9B59-3964-41C7-B5EC-B5AC79A277CF-2048x2048.jpeg 2048w, https:\/\/www.paulinemorin.com\/wp-content\/uploads\/2023\/02\/A36C9B59-3964-41C7-B5EC-B5AC79A277CF-60x60.jpeg 60w\" sizes=\"(max-width: 648px) 100vw, 648px\" \/><\/p>\n<p>&nbsp;<\/p>\n<p><strong>Body piercing:<\/strong><\/p>\n<ul>\n<li><strong>Formation Hygi\u00e8ne et salubrit\u00e9 IFAPME 2023 <\/strong><\/li>\n<li><strong>Formation Piercings 2023 <\/strong><\/li>\n<\/ul>\n<p><a href=\"https:\/\/www.paulinemorin.com\/index.php\/2024\/04\/13\/formation-de-piercings-oreilles\/35a995b3-4251-4255-ae85-08cb68c157f8\/\"><img loading=\"lazy\" class=\"alignnone wp-image-5294 size-large\" src=\"https:\/\/www.paulinemorin.com\/wp-content\/uploads\/2024\/04\/35A995B3-4251-4255-AE85-08CB68C157F8-1024x1024.jpeg\" alt=\"\" width=\"648\" height=\"648\" srcset=\"https:\/\/www.paulinemorin.com\/wp-content\/uploads\/2024\/04\/35A995B3-4251-4255-AE85-08CB68C157F8-1024x1024.jpeg 1024w, https:\/\/www.paulinemorin.com\/wp-content\/uploads\/2024\/04\/35A995B3-4251-4255-AE85-08CB68C157F8-300x300.jpeg 300w, https:\/\/www.paulinemorin.com\/wp-content\/uploads\/2024\/04\/35A995B3-4251-4255-AE85-08CB68C157F8-150x150.jpeg 150w, https:\/\/www.paulinemorin.com\/wp-content\/uploads\/2024\/04\/35A995B3-4251-4255-AE85-08CB68C157F8-768x768.jpeg 768w, https:\/\/www.paulinemorin.com\/wp-content\/uploads\/2024\/04\/35A995B3-4251-4255-AE85-08CB68C157F8-1536x1536.jpeg 1536w, https:\/\/www.paulinemorin.com\/wp-content\/uploads\/2024\/04\/35A995B3-4251-4255-AE85-08CB68C157F8-2048x2048.jpeg 2048w, https:\/\/www.paulinemorin.com\/wp-content\/uploads\/2024\/04\/35A995B3-4251-4255-AE85-08CB68C157F8-60x60.jpeg 60w\" sizes=\"(max-width: 648px) 100vw, 648px\" \/><\/a><\/p>\n<p>&nbsp;<\/p>\n<p>En tant que professionnelle <strong>je porte un point d&rsquo;honneur sur l&rsquo;hygi\u00e8ne et le bien \u00eatre sur mon lieu de travail, calme et d\u00e9tente au rendez-vous \ud83d\ude42<\/strong><\/p>\n<p><strong>MiniTatouages:<\/strong><\/p>\n<ul>\n<li><strong>2023 tattoo fine ligne \u00ab\u00a0la petite mort\u00a0\u00bb <\/strong><\/li>\n<li><strong>2024 mini tattoo Trachic tattoo <\/strong><\/li>\n<\/ul>\n<p><img loading=\"lazy\" class=\"alignnone wp-image-4824 size-large\" src=\"https:\/\/www.paulinemorin.com\/wp-content\/uploads\/2024\/02\/F9571785-E500-411E-BD96-12D00D864847-768x1024.jpeg\" alt=\"\" width=\"648\" height=\"864\" srcset=\"https:\/\/www.paulinemorin.com\/wp-content\/uploads\/2024\/02\/F9571785-E500-411E-BD96-12D00D864847-768x1024.jpeg 768w, https:\/\/www.paulinemorin.com\/wp-content\/uploads\/2024\/02\/F9571785-E500-411E-BD96-12D00D864847-225x300.jpeg 225w, https:\/\/www.paulinemorin.com\/wp-content\/uploads\/2024\/02\/F9571785-E500-411E-BD96-12D00D864847-1152x1536.jpeg 1152w, https:\/\/www.paulinemorin.com\/wp-content\/uploads\/2024\/02\/F9571785-E500-411E-BD96-12D00D864847-1536x2048.jpeg 1536w, https:\/\/www.paulinemorin.com\/wp-content\/uploads\/2024\/02\/F9571785-E500-411E-BD96-12D00D864847-scaled.jpeg 1920w\" sizes=\"(max-width: 648px) 100vw, 648px\" \/><\/p>\n<p>Strass dentaires:<\/p>\n<p>D\u00e9cembre 2025 <strong><\/strong><\/p>\n<p><a href=\"https:\/\/www.paulinemorin.com\/index.php\/2025\/12\/04\/nouveaute-les-strass-dentaires\/beige-aesthetic-and-elegant-new-collection-instagram-post\/\" rel=\"attachment wp-att-5559\"><img loading=\"lazy\" class=\"alignnone size-large wp-image-5559\" src=\"https:\/\/www.paulinemorin.com\/wp-content\/uploads\/2025\/12\/Beige-Aesthetic-and-Elegant-New-Collection-Instagram-Post-819x1024.png\" alt=\"\" width=\"648\" height=\"810\" srcset=\"https:\/\/www.paulinemorin.com\/wp-content\/uploads\/2025\/12\/Beige-Aesthetic-and-Elegant-New-Collection-Instagram-Post-819x1024.png 819w, https:\/\/www.paulinemorin.com\/wp-content\/uploads\/2025\/12\/Beige-Aesthetic-and-Elegant-New-Collection-Instagram-Post-240x300.png 240w, https:\/\/www.paulinemorin.com\/wp-content\/uploads\/2025\/12\/Beige-Aesthetic-and-Elegant-New-Collection-Instagram-Post-768x960.png 768w, https:\/\/www.paulinemorin.com\/wp-content\/uploads\/2025\/12\/Beige-Aesthetic-and-Elegant-New-Collection-Instagram-Post-1229x1536.png 1229w, https:\/\/www.paulinemorin.com\/wp-content\/uploads\/2025\/12\/Beige-Aesthetic-and-Elegant-New-Collection-Instagram-Post-1638x2048.png 1638w, https:\/\/www.paulinemorin.com\/wp-content\/uploads\/2025\/12\/Beige-Aesthetic-and-Elegant-New-Collection-Instagram-Post.png 1890w\" sizes=\"(max-width: 648px) 100vw, 648px\" \/><\/a><\/p>\n<p style=\"text-align: left;\">\u00c0 bient\u00f4t \ud83d\ude09<\/p>\n<p style=\"text-align: left;\">Pauline<\/p>\n<p>&nbsp;<\/p>\n<p>&nbsp;<\/p>\n","protected":false},"excerpt":{"rendered":"<p>Sp\u00e9cialiste de la beaut\u00e9 depuis de nombreuses ann\u00e9es et esth\u00e9ticienne, form\u00e9e \u00e0 diff\u00e9rentes techniques, je r\u00e9alise les poses d&rsquo;ongles en gel, gel-X et vernis semi permanent. Je suis \u00e9galement Permanent make-up artist (PMUA) et body pierceur sp\u00e9cialis\u00e9e dans les diff\u00e9rents piercings des oreilles. Je r\u00e9alise aussi les mini tatouages. Je suis formatrice en onglerie depuis [&hellip;]<\/p>\n","protected":false},"author":2,"featured_media":0,"parent":0,"menu_order":0,"comment_status":"closed","ping_status":"closed","template":"","meta":[],"_links":{"self":[{"href":"https:\/\/www.paulinemorin.com\/index.php\/wp-json\/wp\/v2\/pages\/150"}],"collection":[{"href":"https:\/\/www.paulinemorin.com\/index.php\/wp-json\/wp\/v2\/pages"}],"about":[{"href":"https:\/\/www.paulinemorin.com\/index.php\/wp-json\/wp\/v2\/types\/page"}],"author":[{"embeddable":true,"href":"https:\/\/www.paulinemorin.com\/index.php\/wp-json\/wp\/v2\/users\/2"}],"replies":[{"embeddable":true,"href":"https:\/\/www.paulinemorin.com\/index.php\/wp-json\/wp\/v2\/comments?post=150"}],"version-history":[{"count":135,"href":"https:\/\/www.paulinemorin.com\/index.php\/wp-json\/wp\/v2\/pages\/150\/revisions"}],"predecessor-version":[{"id":5568,"href":"https:\/\/www.paulinemorin.com\/index.php\/wp-json\/wp\/v2\/pages\/150\/revisions\/5568"}],"wp:attachment":[{"href":"https:\/\/www.paulinemorin.com\/index.php\/wp-json\/wp\/v2\/media?parent=150"}],"curies":[{"name":"wp","href":"https:\/\/api.w.org\/{rel}","templated":true}]}}