{"id":2784,"date":"2021-05-06T21:39:13","date_gmt":"2021-05-06T19:39:13","guid":{"rendered":"http:\/\/www.paulinemorin.com\/?page_id=2784"},"modified":"2024-02-23T09:42:29","modified_gmt":"2024-02-23T08:42:29","slug":"formation-1","status":"publish","type":"page","link":"https:\/\/www.paulinemorin.com\/index.php\/formation-1\/","title":{"rendered":"Formation pose Americaine Gel-X"},"content":{"rendered":"<h1 style=\"text-align: left;\"><span style=\"color: #cc99ff;\"><strong>La formation priv\u00e9e Gel X ou pose Am\u00e9ricaine.<\/strong><\/span><\/h1>\n<p>&nbsp;<\/p>\n<p><img loading=\"lazy\" class=\"alignnone size-large wp-image-3641\" src=\"https:\/\/www.paulinemorin.com\/wp-content\/uploads\/2022\/10\/4C0C602F-8C13-4A39-9F42-EC453A5E98E8-1024x1024.jpeg\" alt=\"\" width=\"648\" height=\"648\" srcset=\"https:\/\/www.paulinemorin.com\/wp-content\/uploads\/2022\/10\/4C0C602F-8C13-4A39-9F42-EC453A5E98E8-1024x1024.jpeg 1024w, https:\/\/www.paulinemorin.com\/wp-content\/uploads\/2022\/10\/4C0C602F-8C13-4A39-9F42-EC453A5E98E8-300x300.jpeg 300w, https:\/\/www.paulinemorin.com\/wp-content\/uploads\/2022\/10\/4C0C602F-8C13-4A39-9F42-EC453A5E98E8-150x150.jpeg 150w, https:\/\/www.paulinemorin.com\/wp-content\/uploads\/2022\/10\/4C0C602F-8C13-4A39-9F42-EC453A5E98E8-768x768.jpeg 768w, https:\/\/www.paulinemorin.com\/wp-content\/uploads\/2022\/10\/4C0C602F-8C13-4A39-9F42-EC453A5E98E8-60x60.jpeg 60w, https:\/\/www.paulinemorin.com\/wp-content\/uploads\/2022\/10\/4C0C602F-8C13-4A39-9F42-EC453A5E98E8.jpeg 1170w\" sizes=\"(max-width: 648px) 100vw, 648px\" \/><\/p>\n<p class=\"_04xlpA direction-ltr align-center para-style-body\"><span style=\"color: #000000;\"><strong><span class=\"JsGRdQ\">Que sont les capsules gel x et quels sont leurs avantages:<\/span><\/strong><\/span><\/p>\n<p>Cr\u00e9\u00e9e pour favoriser le Nail art et ainsi gagner du temps lors de sa prestation la pose Gel X (ou pose Am\u00e9ricaine) est r\u00e9volutionnaire.<\/p>\n<p class=\"_04xlpA direction-ltr align-start para-style-body\"><span class=\"JsGRdQ\">Cette technique que je pratique depuis 2019 a pour but de fixer une capsule d\u00e9j\u00e0 form\u00e9e en gel sur l\u2019ongle naturel avec une base (flexible et soak-off).<\/span><\/p>\n<p class=\"_04xlpA direction-ltr align-start para-style-body\"><span class=\"JsGRdQ\">En \u00e9vitant ainsi le long travail du limage, la poussi\u00e8re ainsi que l\u2019odeur de certains produits (comme le monom\u00e8re qui est utilis\u00e9 lors de la pose en r\u00e9sine\/acrylique et qui sent tr\u00e8s fort) la pose Am\u00e9ricaine est de plus en plus appr\u00e9ci\u00e9e.<\/span><\/p>\n<p>&nbsp;<\/p>\n<p class=\"_04xlpA direction-ltr align-start para-style-body\"><span style=\"color: #cc99ff;\"><strong><span class=\"JsGRdQ\">Les avantages :<\/span><\/strong><\/span><\/p>\n<ul>\n<li class=\"_04xlpA direction-ltr align-start para-style-body\"><span class=\"JsGRdQ\">Gain de temps pour vous et la cliente.<\/span><\/li>\n<li class=\"_04xlpA direction-ltr align-start para-style-body\"><span class=\"JsGRdQ\">Aucune poussi\u00e8re.<\/span><\/li>\n<li class=\"_04xlpA direction-ltr align-start para-style-body\"><span class=\"JsGRdQ\">Limage limit\u00e9.<\/span><\/li>\n<li class=\"_04xlpA direction-ltr align-start para-style-body\"><span class=\"JsGRdQ\">Soluble dans l\u2019ac\u00e9tone.<\/span><\/li>\n<li class=\"_04xlpA direction-ltr align-start para-style-body\"><span class=\"JsGRdQ\">Pas de d\u00e9pose traumatisante \u00e0 la ponceuse.<\/span><\/li>\n<li>Pose plus fine que du gel.<\/li>\n<li class=\"_04xlpA direction-ltr align-start para-style-body\"><span class=\"JsGRdQ\">Pas ou tr\u00e8s peu de risque d\u2019allergie compar\u00e9e \u00e0 la r\u00e9sine\/acrylique.<\/span><\/li>\n<li class=\"_04xlpA direction-ltr align-start para-style-body\"><span class=\"JsGRdQ\">Tr\u00e8s bonne tenue (de 3 \u00e0 4 semaines, identique au gel).<\/span><\/li>\n<li class=\"_04xlpA direction-ltr align-start para-style-body\"><span class=\"JsGRdQ\">Visuel propre et soign\u00e9.<\/span><\/li>\n<li class=\"_04xlpA direction-ltr align-start para-style-body\"><span class=\"JsGRdQ\">Possibilit\u00e9 de\u00a0<strong>changer de formes et longueurs \u00e0 chaque pose\/repose<\/strong>, sans avoir \u00e0 passer par des \u00e9tapes interm\u00e9diaires.<\/span><\/li>\n<\/ul>\n<p>&nbsp;<\/p>\n<h2><span style=\"color: #000000;\">2 types de formations sont disponibles<\/span><\/h2>\n<h3><span style=\"color: #99ccff;\">D\u00e9butantes <\/span><span style=\"color: #000000;\">&amp;<\/span>\u00a0<span style=\"color: #ff99cc;\">confirm\u00e9es<\/span><\/h3>\n<h3 style=\"text-align: left;\"><span style=\"color: #808000;\"><span style=\"color: #cc99ff;\">La formation Gel X d\u00e9butant(e)s est \u00e0<\/span> <span style=\"color: #33cccc;\">9<\/span><\/span><span style=\"color: #33cccc;\">50\u20ac htva<\/span><\/h3>\n<h3 style=\"text-align: left;\"><strong>Le programme de votre formation:<\/strong><\/h3>\n<p>Pour les d\u00e9butant(e)s la formation se fera sur 2 jours de 10h30 \u00e0 16h30<\/p>\n<p>Nous faisons une petite pause d&rsquo;1\/2 heure (Pr\u00e9voyez de quoi manger le midi)<\/p>\n<p><strong>1er jour:<\/strong><\/p>\n<p>Nous verrons toute la th\u00e9orie de l&rsquo;ongle ( structure, pr\u00e9paration, &#8230;)<\/p>\n<p>L&rsquo;explication et pr\u00e9sentation du mat\u00e9riel en onglerie.<\/p>\n<p>Pr\u00e9sentation et explication de vos produits.<\/p>\n<p>Pr\u00e9sentation th\u00e9orique de la technique Gel X.<\/p>\n<p>Explication d&rsquo;une pose r\u00e9ussie.<\/p>\n<p>D\u00e9monstration d&rsquo;une pose compl\u00e8te et d\u00e9pose.<\/p>\n<p>Nettoyage, d\u00e9sinfection et st\u00e9rilisation du mat\u00e9riel.<\/p>\n<p>Pr\u00e9sentation et explication sur les diff\u00e9rentes types de capsules gel et comment reconna\u00eetre celles de mauvaise qualit\u00e9.<\/p>\n<p>Pratique sur vous.<\/p>\n<p><strong>2\u00e8me jour:\u00a0<\/strong><\/p>\n<p>Pratique sur\u00a0 model que je vous fournirai.<\/p>\n<p>Nous faisons une petite pause d&rsquo;1\/2h (Pr\u00e9voyez de quoi manger le midi)<\/p>\n<p>Conseils et astuces pour optimiser votre travail et application parfaite.<\/p>\n<p>D\u00e9mo d&rsquo;un effet marbre\/quartz ou autre nail art simple \u00e0 r\u00e9aliser.<\/p>\n<p>Test et remise du certificat.<\/p>\n<p><img loading=\"lazy\" class=\"alignnone wp-image-3723 size-large\" src=\"https:\/\/www.paulinemorin.com\/wp-content\/uploads\/2023\/01\/Mockup-certificat-576x1024.png\" alt=\"\" width=\"576\" height=\"1024\" srcset=\"https:\/\/www.paulinemorin.com\/wp-content\/uploads\/2023\/01\/Mockup-certificat-576x1024.png 576w, https:\/\/www.paulinemorin.com\/wp-content\/uploads\/2023\/01\/Mockup-certificat-169x300.png 169w, https:\/\/www.paulinemorin.com\/wp-content\/uploads\/2023\/01\/Mockup-certificat-768x1365.png 768w, https:\/\/www.paulinemorin.com\/wp-content\/uploads\/2023\/01\/Mockup-certificat-864x1536.png 864w, https:\/\/www.paulinemorin.com\/wp-content\/uploads\/2023\/01\/Mockup-certificat-1152x2048.png 1152w\" sizes=\"(max-width: 576px) 100vw, 576px\" \/><\/p>\n<p><img loading=\"lazy\" class=\"alignnone size-large wp-image-2764\" src=\"https:\/\/www.paulinemorin.com\/wp-content\/uploads\/2021\/02\/147448153_827122198144991_6410192904484347875_n-1024x1024.jpg\" alt=\"\" width=\"648\" height=\"648\" srcset=\"https:\/\/www.paulinemorin.com\/wp-content\/uploads\/2021\/02\/147448153_827122198144991_6410192904484347875_n-1024x1024.jpg 1024w, https:\/\/www.paulinemorin.com\/wp-content\/uploads\/2021\/02\/147448153_827122198144991_6410192904484347875_n-150x150.jpg 150w, https:\/\/www.paulinemorin.com\/wp-content\/uploads\/2021\/02\/147448153_827122198144991_6410192904484347875_n-300x300.jpg 300w, https:\/\/www.paulinemorin.com\/wp-content\/uploads\/2021\/02\/147448153_827122198144991_6410192904484347875_n-768x768.jpg 768w, https:\/\/www.paulinemorin.com\/wp-content\/uploads\/2021\/02\/147448153_827122198144991_6410192904484347875_n-60x60.jpg 60w, https:\/\/www.paulinemorin.com\/wp-content\/uploads\/2021\/02\/147448153_827122198144991_6410192904484347875_n.jpg 1080w\" sizes=\"(max-width: 648px) 100vw, 648px\" \/><\/p>\n<h3><span style=\"color: #cc99ff;\">La formation Gel X pour confirm\u00e9(e)s est \u00e0 650\u20ac htva<\/span><\/h3>\n<p>Vous travaillez sur vous m\u00eame<\/p>\n<p><span style=\"color: #33cccc;\">Pour les confirm\u00e9(e)s &#x26a0;&#xfe0f; Attention cette formation est disponible uniquement aux personnes ayant d\u00e9j\u00e0 de tr\u00e8s bonnes connaissances en onglerie et d\u00e9j\u00e0 certifi\u00e9e via au minimum une formation en pr\u00e9sentiel. Nous allons survoler les \u00e9tapes de base et nous nous pencherons uniquement sur la technique de la pose Gel-X.<\/span><\/p>\n<p><strong>Le programme de votre formation:<\/strong><\/p>\n<p>Pour les confirm\u00e9(e)s la formation se fera sur 1 journ\u00e9e de 10h30 \u00e0 16h.<\/p>\n<p>Pr\u00e9sentation th\u00e9orique de la technique gel x.<\/p>\n<p>Rappel th\u00e9orique d&rsquo;une pose r\u00e9ussie (pr\u00e9paration de l&rsquo;ongle naturel, nail prep, primer, embouts de ponceuse&#8230;)<\/p>\n<p>D\u00e9monstration d&rsquo;une pose sur vous et d\u00e9pose.<\/p>\n<p>Pr\u00e9sentation et explication sur les diff\u00e9rentes types de capsules et comment reconna\u00eetre celles de mauvaise qualit\u00e9.<\/p>\n<p>Conseils et astuces pour optimiser votre travail et application parfaite.<\/p>\n<p>Test et remise du certificat.<\/p>\n<p><!--more--><\/p>\n<p style=\"text-align: left;\">Vous recevez un livret de formation version num\u00e9rique et un certificat de formation.<\/p>\n<p style=\"text-align: left;\">Je vous donnerai mes conseils et astuces tout au long de la formation et m\u00eame apr\u00e8s.<\/p>\n<p>Si l&rsquo;agenda est complet vous pouvez envoyer un mail : paulynemorin@gmail.com<\/p>\n<p style=\"text-align: left;\">Possibilit\u00e9 d\u2019\u00e9chelonner votre formation en plusieurs paiements tant que le solde est vers\u00e9 le jour de formation.<\/p>\n<p style=\"text-align: left;\"><span style=\"color: #ff99cc;\"><strong>Un acompte de 50% est demand\u00e9 pour toute r\u00e9servation de formation. La date n&rsquo;est pas bloqu\u00e9e si il n&rsquo;y a pas d&rsquo;acompte. Celui ci constitue une garantie de l\u2019\u00e9l\u00e8ve \u00e0 s\u2019engager \u00e0 suivre ses cours.<\/strong><\/span><\/p>\n<p style=\"text-align: left;\">L\u2019acompte sera perdu si l\u2019\u00e9l\u00e8ve se r\u00e9tracte \u00e0 faire sa formation apr\u00e8s paiement de celui ci peu importe la raison.<\/p>\n<p style=\"text-align: left;\">La formation peut toutefois \u00eatre report\u00e9e jusqu\u2019\u00e0 maximum 2 mois apr\u00e8s paiement de l\u2019acompte.<\/p>\n<p>L\u2019\u00e9l\u00e8ve doit confirmer sa pr\u00e9sence 15 jours avant la date de formation par e-mail.<\/p>\n<p>Si vous avez la moindre question sur la pose Am\u00e9ricaine ou autre n&rsquo;h\u00e9sitez pas \u00e0 me contacter ^^<\/p>\n<p>&nbsp;<\/p>\n<h2><span style=\"color: #ff0000;\"><strong>&#x26a0;&#xfe0f; Attention ! Pas de prise en compte de ch\u00e8ques formations Fran\u00e7ais type CHPF, FAFCEA ou autres.\u00a0<\/strong><\/span><\/h2>\n<p><img loading=\"lazy\" class=\"alignnone size-full wp-image-2691\" src=\"https:\/\/www.paulinemorin.com\/wp-content\/uploads\/2021\/04\/8bd2dad1ce16903024ded599893fad7b47061b14385.jpg\" alt=\"\" width=\"600\" height=\"600\" srcset=\"https:\/\/www.paulinemorin.com\/wp-content\/uploads\/2021\/04\/8bd2dad1ce16903024ded599893fad7b47061b14385.jpg 600w, https:\/\/www.paulinemorin.com\/wp-content\/uploads\/2021\/04\/8bd2dad1ce16903024ded599893fad7b47061b14385-150x150.jpg 150w, https:\/\/www.paulinemorin.com\/wp-content\/uploads\/2021\/04\/8bd2dad1ce16903024ded599893fad7b47061b14385-300x300.jpg 300w, https:\/\/www.paulinemorin.com\/wp-content\/uploads\/2021\/04\/8bd2dad1ce16903024ded599893fad7b47061b14385-60x60.jpg 60w\" sizes=\"(max-width: 600px) 100vw, 600px\" \/><\/p>\n<p>&nbsp;<\/p>\n<p style=\"text-align: left;\"><span style=\"color: #000000;\">\u00c0 tr\u00e8s bient\u00f4t.<\/span><\/p>\n<p style=\"text-align: left;\"><span style=\"color: #cc99ff;\">Pauline<\/span><\/p>\n<p>&nbsp;<\/p>\n<p>#paulinemorin #poseamericaine #posegelx #gelx #gel-x #formation #formationonglesnamur #gelxeducator<\/p>\n<p>#formationposeamericaine<\/p>\n","protected":false},"excerpt":{"rendered":"<p>La formation priv\u00e9e Gel X ou pose Am\u00e9ricaine. &nbsp; Que sont les capsules gel x et quels sont leurs avantages: Cr\u00e9\u00e9e pour favoriser le Nail art et ainsi gagner du temps lors de sa prestation la pose Gel X (ou pose Am\u00e9ricaine) est r\u00e9volutionnaire. Cette technique que je pratique depuis 2019 a pour but de [&hellip;]<\/p>\n","protected":false},"author":1,"featured_media":0,"parent":0,"menu_order":0,"comment_status":"closed","ping_status":"closed","template":"","meta":[],"_links":{"self":[{"href":"https:\/\/www.paulinemorin.com\/index.php\/wp-json\/wp\/v2\/pages\/2784"}],"collection":[{"href":"https:\/\/www.paulinemorin.com\/index.php\/wp-json\/wp\/v2\/pages"}],"about":[{"href":"https:\/\/www.paulinemorin.com\/index.php\/wp-json\/wp\/v2\/types\/page"}],"author":[{"embeddable":true,"href":"https:\/\/www.paulinemorin.com\/index.php\/wp-json\/wp\/v2\/users\/1"}],"replies":[{"embeddable":true,"href":"https:\/\/www.paulinemorin.com\/index.php\/wp-json\/wp\/v2\/comments?post=2784"}],"version-history":[{"count":52,"href":"https:\/\/www.paulinemorin.com\/index.php\/wp-json\/wp\/v2\/pages\/2784\/revisions"}],"predecessor-version":[{"id":4844,"href":"https:\/\/www.paulinemorin.com\/index.php\/wp-json\/wp\/v2\/pages\/2784\/revisions\/4844"}],"wp:attachment":[{"href":"https:\/\/www.paulinemorin.com\/index.php\/wp-json\/wp\/v2\/media?parent=2784"}],"curies":[{"name":"wp","href":"https:\/\/api.w.org\/{rel}","templated":true}]}}