{"id":3181,"date":"2021-10-02T17:45:18","date_gmt":"2021-10-02T15:45:18","guid":{"rendered":"https:\/\/www.paulinemorin.com\/?page_id=3181"},"modified":"2024-03-12T18:47:54","modified_gmt":"2024-03-12T17:47:54","slug":"formation-gel-x-babyboomer","status":"publish","type":"page","link":"https:\/\/www.paulinemorin.com\/index.php\/formation-gel-x-babyboomer\/","title":{"rendered":"Formation Gel X + BABYBOOMER"},"content":{"rendered":"<p><img loading=\"lazy\" class=\"wp-image-3032 size-medium aligncenter\" src=\"https:\/\/www.paulinemorin.com\/wp-content\/uploads\/2021\/06\/PicsArt_06-10-07.01.21-300x300.jpg\" alt=\"\" width=\"300\" height=\"300\" srcset=\"https:\/\/www.paulinemorin.com\/wp-content\/uploads\/2021\/06\/PicsArt_06-10-07.01.21-300x300.jpg 300w, https:\/\/www.paulinemorin.com\/wp-content\/uploads\/2021\/06\/PicsArt_06-10-07.01.21-1024x1024.jpg 1024w, https:\/\/www.paulinemorin.com\/wp-content\/uploads\/2021\/06\/PicsArt_06-10-07.01.21-150x150.jpg 150w, https:\/\/www.paulinemorin.com\/wp-content\/uploads\/2021\/06\/PicsArt_06-10-07.01.21-768x768.jpg 768w, https:\/\/www.paulinemorin.com\/wp-content\/uploads\/2021\/06\/PicsArt_06-10-07.01.21-1536x1536.jpg 1536w, https:\/\/www.paulinemorin.com\/wp-content\/uploads\/2021\/06\/PicsArt_06-10-07.01.21-2048x2048.jpg 2048w, https:\/\/www.paulinemorin.com\/wp-content\/uploads\/2021\/06\/PicsArt_06-10-07.01.21-60x60.jpg 60w\" sizes=\"(max-width: 300px) 100vw, 300px\" \/><\/p>\n<p>&nbsp;<\/p>\n<p><strong>La formation pose Am\u00e9ricaine rencontre un v\u00e9ritable succ\u00e8s.<\/strong><\/p>\n<p>C&rsquo;est avec grand plaisir que je vous propose dor\u00e9navant la <strong>formation pose am\u00e9ricaine<\/strong> sur 2 jours avec en <strong>plus la formation baby-boomer<\/strong>.<\/p>\n<p>La formation est toujours donn\u00e9e en priv\u00e9, c&rsquo;est-\u00e0-dire que vous \u00eates seul avec moi pour apprendre dans de bonnes conditions \u00e0 votre rythme, dans une ambiance cosy.<\/p>\n<p>Le premier jour vous travaillez sur vous et vous r\u00e9aliserez une pose compl\u00e8te.<\/p>\n<p>Le deuxi\u00e8me jour\u00a0 vous r\u00e9aliserez 1 pose compl\u00e8tes sur 1 mod\u00e8le, une d\u00e9pose et 1pose Babyboomer + atelier Babyboomer.<\/p>\n<p>Cette formation est pr\u00e9vue pour les d\u00e9butants ou pour les personnes souhaitant apprendre la pose Am\u00e9ricaine ainsi que la pratique du baby-boomer.<\/p>\n<p>Nous verrons ensemble les bases, la technique proprement dite de la pose Am\u00e9ricaine, du baby-boomer et vous recevrez mes conseils et astuces pour une pose r\u00e9ussi qui dure dans le temps.<\/p>\n<p>Vous recevrez un syllabus (en format papier et en format digital ) et vos certificats de formation.<\/p>\n<p><strong>Le programme:<\/strong><\/p>\n<p>La formation se fera sur 2 jours de 10h30 \u00e0 16h30 (dates \u00e0 d\u00e9finir ensemble si l&rsquo;agenda de formation est complet et dans la mesure du possible)<\/p>\n<p>Nous faisons une petite pause d\u20191\/2h (Pr\u00e9voyez de quoi manger le midi)<\/p>\n<p><strong>1er jour:<\/strong><\/p>\n<ul>\n<li>Le premier jour nous verrons ensemble le d\u00e9roulement complet de la pose am\u00e9ricaine de la pr\u00e9paration des ongles \u00e0 la finition.<\/li>\n<\/ul>\n<p>Nous verrons toute la th\u00e9orie de l\u2019ongle ( structure, pr\u00e9paration&#8230;)<\/p>\n<p>L\u2019explication et pr\u00e9sentation du mat\u00e9riel en onglerie.<\/p>\n<p>Pr\u00e9sentation th\u00e9orique de la technique Gel X.<\/p>\n<p>Explication d\u2019une pose r\u00e9ussie, quel mat\u00e9riel acheter par la suite.<\/p>\n<p>D\u00e9monstration d\u2019une pose compl\u00e8te et d\u00e9pose.<\/p>\n<p>Vous apprendrez \u00e0 r\u00e9aliser avec diff\u00e9rentes techniques le baby-boomer parfait.<\/p>\n<p>Nettoyage et d\u00e9sinfection du mat\u00e9riel.<\/p>\n<p>Pr\u00e9sentation et explication sur les diff\u00e9rentes types de capsules gel et comment reconna\u00eetre celles de mauvaise qualit\u00e9.<\/p>\n<p>Pratique sur vous.<\/p>\n<p><strong>2\u00e8me jour:\u00a0<\/strong><\/p>\n<ul>\n<li>Le deuxi\u00e8me jour vous r\u00e9aliserez une pose compl\u00e8te avec la technique du baby-boomer que vous aurez apprise ou r\u00e9alisation d&rsquo;une couleur pleine.<\/li>\n<\/ul>\n<p>Nous faisons une petite pause d\u20191\/2h (Pr\u00e9voyez de quoi manger le midi)<\/p>\n<p>Conseils et astuces pour optimiser votre travail et application parfaite.<\/p>\n<p>Test et remise du certificat.<\/p>\n<p>&nbsp;<\/p>\n<p>A l&rsquo;issue de votre formation vous recevez toujours vos certificats de suivis de formation imprim\u00e9s et en version digitale.<\/p>\n<p><strong><a href=\"https:\/\/www.paulinemorin.com\/index.php\/2021\/10\/02\/nouvelle-formation\/picsart_10-02-04-31-55\/\" rel=\"attachment wp-att-3166\"><img loading=\"lazy\" class=\"alignnone wp-image-3166 size-medium\" src=\"https:\/\/www.paulinemorin.com\/wp-content\/uploads\/2021\/10\/PicsArt_10-02-04.31.55-300x212.jpg\" alt=\"\" width=\"300\" height=\"212\" srcset=\"https:\/\/www.paulinemorin.com\/wp-content\/uploads\/2021\/10\/PicsArt_10-02-04.31.55-300x212.jpg 300w, https:\/\/www.paulinemorin.com\/wp-content\/uploads\/2021\/10\/PicsArt_10-02-04.31.55-1024x724.jpg 1024w, https:\/\/www.paulinemorin.com\/wp-content\/uploads\/2021\/10\/PicsArt_10-02-04.31.55-768x543.jpg 768w, https:\/\/www.paulinemorin.com\/wp-content\/uploads\/2021\/10\/PicsArt_10-02-04.31.55-1536x1086.jpg 1536w, https:\/\/www.paulinemorin.com\/wp-content\/uploads\/2021\/10\/PicsArt_10-02-04.31.55.jpg 2000w\" sizes=\"(max-width: 300px) 100vw, 300px\" \/><\/a><a href=\"https:\/\/www.paulinemorin.com\/index.php\/2021\/10\/02\/nouvelle-formation\/picsart_10-02-04-31-38\/\" rel=\"attachment wp-att-3167\"><img loading=\"lazy\" class=\"size-medium wp-image-3167 alignright\" src=\"https:\/\/www.paulinemorin.com\/wp-content\/uploads\/2021\/10\/PicsArt_10-02-04.31.38-300x212.jpg\" alt=\"\" width=\"300\" height=\"212\" srcset=\"https:\/\/www.paulinemorin.com\/wp-content\/uploads\/2021\/10\/PicsArt_10-02-04.31.38-300x212.jpg 300w, https:\/\/www.paulinemorin.com\/wp-content\/uploads\/2021\/10\/PicsArt_10-02-04.31.38-1024x724.jpg 1024w, https:\/\/www.paulinemorin.com\/wp-content\/uploads\/2021\/10\/PicsArt_10-02-04.31.38-768x543.jpg 768w, https:\/\/www.paulinemorin.com\/wp-content\/uploads\/2021\/10\/PicsArt_10-02-04.31.38-1536x1086.jpg 1536w, https:\/\/www.paulinemorin.com\/wp-content\/uploads\/2021\/10\/PicsArt_10-02-04.31.38.jpg 2000w\" sizes=\"(max-width: 300px) 100vw, 300px\" \/><\/a><\/strong><\/p>\n<p>&nbsp;<\/p>\n<h3>La formation Gel X + BABYBOOMER est \u00e0 950\u20ac htva<\/h3>\n<p>Possibilit\u00e9 d\u2019\u00e9chelonner votre formation en plusieurs paiements tant que le solde est vers\u00e9 le 1er jour de formation.<\/p>\n<p><strong>Un acompte de 50% est demand\u00e9 pour toute r\u00e9servation de formation. La date n\u2019est pas bloqu\u00e9e si il n\u2019y a pas d\u2019acompte. Celui-ci constitue une garantie que l\u2019\u00e9l\u00e8ve s\u2019engage \u00e0 suivre ses cours.<\/strong><\/p>\n<p>L\u2019acompte sera perdu si l\u2019\u00e9l\u00e8ve se r\u00e9tracte \u00e0 faire sa formation apr\u00e8s paiement de celui-ci peu importe la raison.<\/p>\n<p>La formation peut toutefois \u00eatre report\u00e9e jusqu\u2019\u00e0 maximum 2 mois apr\u00e8s paiement de l\u2019acompte.<\/p>\n<p>Si vous avez la moindre question n\u2019h\u00e9sitez pas \u00e0 me contacter ^^<\/p>\n<h2><strong>&#x26a0;&#xfe0f; Attention ! Pas de prise en compte de ch\u00e8ques CHPF, FAFCEA ou autres.\u00a0<\/strong><\/h2>\n<p>&nbsp;<\/p>\n","protected":false},"excerpt":{"rendered":"<p>&nbsp; La formation pose Am\u00e9ricaine rencontre un v\u00e9ritable succ\u00e8s. C&rsquo;est avec grand plaisir que je vous propose dor\u00e9navant la formation pose am\u00e9ricaine sur 2 jours avec en plus la formation baby-boomer. La formation est toujours donn\u00e9e en priv\u00e9, c&rsquo;est-\u00e0-dire que vous \u00eates seul avec moi pour apprendre dans de bonnes conditions \u00e0 votre rythme, dans [&hellip;]<\/p>\n","protected":false},"author":2,"featured_media":0,"parent":0,"menu_order":0,"comment_status":"closed","ping_status":"closed","template":"","meta":[],"_links":{"self":[{"href":"https:\/\/www.paulinemorin.com\/index.php\/wp-json\/wp\/v2\/pages\/3181"}],"collection":[{"href":"https:\/\/www.paulinemorin.com\/index.php\/wp-json\/wp\/v2\/pages"}],"about":[{"href":"https:\/\/www.paulinemorin.com\/index.php\/wp-json\/wp\/v2\/types\/page"}],"author":[{"embeddable":true,"href":"https:\/\/www.paulinemorin.com\/index.php\/wp-json\/wp\/v2\/users\/2"}],"replies":[{"embeddable":true,"href":"https:\/\/www.paulinemorin.com\/index.php\/wp-json\/wp\/v2\/comments?post=3181"}],"version-history":[{"count":16,"href":"https:\/\/www.paulinemorin.com\/index.php\/wp-json\/wp\/v2\/pages\/3181\/revisions"}],"predecessor-version":[{"id":4842,"href":"https:\/\/www.paulinemorin.com\/index.php\/wp-json\/wp\/v2\/pages\/3181\/revisions\/4842"}],"wp:attachment":[{"href":"https:\/\/www.paulinemorin.com\/index.php\/wp-json\/wp\/v2\/media?parent=3181"}],"curies":[{"name":"wp","href":"https:\/\/api.w.org\/{rel}","templated":true}]}}