{"id":5080,"date":"2024-04-28T13:18:21","date_gmt":"2024-04-28T11:18:21","guid":{"rendered":"https:\/\/www.paulinemorin.com\/?page_id=5080"},"modified":"2024-04-28T13:19:30","modified_gmt":"2024-04-28T11:19:30","slug":"piercings-premiere-pose-disponibles","status":"publish","type":"page","link":"https:\/\/www.paulinemorin.com\/index.php\/piercings-premiere-pose-disponibles\/","title":{"rendered":"Piercings disponibles"},"content":{"rendered":"<p>En plus d&rsquo;offrir une qualit\u00e9 exceptionnelle, nos nouveaux piercings en titane ASTM F-136 offrent un large \u00e9ventail d&rsquo;options de style et de personnalisation.<\/p>\n<p>Lors de votre rendez-vous dans votre salon de piercings \u00e0 Jambes, vous aurez la possibilit\u00e9 de choisir un beau bijou pour votre piercing parmi notre s\u00e9lection soigneusement choisie.<\/p>\n<p>Que vous recherchiez quelque chose de discret et \u00e9l\u00e9gant ou de plus audacieux et accrocheur, nous avons le bijou parfait pour compl\u00e9ter votre look. Avec nos nouveaux piercings, nous combinons qualit\u00e9, s\u00e9curit\u00e9 et style pour vous offrir un r\u00e9sultat qui d\u00e9passe vos attentes.<\/p>\n<p><a href=\"https:\/\/www.paulinemorin.com\/index.php\/piercings-premiere-pose-disponibles\/les-nouveaux-piercings-en-bijoux-de-premiere-pose-sont-disponibles-des-ce-samedi-2\/\" rel=\"attachment wp-att-5083\"><img loading=\"lazy\" class=\"alignnone size-large wp-image-5083\" src=\"https:\/\/www.paulinemorin.com\/wp-content\/uploads\/2024\/04\/Les-nouveaux-Piercings-en-bijoux-de-premie\u0300re-pose-sont-disponibles-de\u0300s-ce-Samedi-2-576x1024.png\" alt=\"\" width=\"576\" height=\"1024\" srcset=\"https:\/\/www.paulinemorin.com\/wp-content\/uploads\/2024\/04\/Les-nouveaux-Piercings-en-bijoux-de-premie\u0300re-pose-sont-disponibles-de\u0300s-ce-Samedi-2-576x1024.png 576w, https:\/\/www.paulinemorin.com\/wp-content\/uploads\/2024\/04\/Les-nouveaux-Piercings-en-bijoux-de-premie\u0300re-pose-sont-disponibles-de\u0300s-ce-Samedi-2-169x300.png 169w, https:\/\/www.paulinemorin.com\/wp-content\/uploads\/2024\/04\/Les-nouveaux-Piercings-en-bijoux-de-premie\u0300re-pose-sont-disponibles-de\u0300s-ce-Samedi-2-768x1365.png 768w, https:\/\/www.paulinemorin.com\/wp-content\/uploads\/2024\/04\/Les-nouveaux-Piercings-en-bijoux-de-premie\u0300re-pose-sont-disponibles-de\u0300s-ce-Samedi-2-864x1536.png 864w, https:\/\/www.paulinemorin.com\/wp-content\/uploads\/2024\/04\/Les-nouveaux-Piercings-en-bijoux-de-premie\u0300re-pose-sont-disponibles-de\u0300s-ce-Samedi-2.png 1080w\" sizes=\"(max-width: 576px) 100vw, 576px\" \/><\/a> <a href=\"https:\/\/www.paulinemorin.com\/index.php\/piercings-premiere-pose-disponibles\/les-nouveaux-piercings-en-bijoux-de-premiere-pose-sont-disponibles-des-ce-samedi-3\/\" rel=\"attachment wp-att-5084\"><img loading=\"lazy\" class=\"alignnone size-large wp-image-5084\" src=\"https:\/\/www.paulinemorin.com\/wp-content\/uploads\/2024\/04\/Les-nouveaux-Piercings-en-bijoux-de-premie\u0300re-pose-sont-disponibles-de\u0300s-ce-Samedi-3-576x1024.png\" alt=\"\" width=\"576\" height=\"1024\" srcset=\"https:\/\/www.paulinemorin.com\/wp-content\/uploads\/2024\/04\/Les-nouveaux-Piercings-en-bijoux-de-premie\u0300re-pose-sont-disponibles-de\u0300s-ce-Samedi-3-576x1024.png 576w, https:\/\/www.paulinemorin.com\/wp-content\/uploads\/2024\/04\/Les-nouveaux-Piercings-en-bijoux-de-premie\u0300re-pose-sont-disponibles-de\u0300s-ce-Samedi-3-169x300.png 169w, https:\/\/www.paulinemorin.com\/wp-content\/uploads\/2024\/04\/Les-nouveaux-Piercings-en-bijoux-de-premie\u0300re-pose-sont-disponibles-de\u0300s-ce-Samedi-3-768x1365.png 768w, https:\/\/www.paulinemorin.com\/wp-content\/uploads\/2024\/04\/Les-nouveaux-Piercings-en-bijoux-de-premie\u0300re-pose-sont-disponibles-de\u0300s-ce-Samedi-3-864x1536.png 864w, https:\/\/www.paulinemorin.com\/wp-content\/uploads\/2024\/04\/Les-nouveaux-Piercings-en-bijoux-de-premie\u0300re-pose-sont-disponibles-de\u0300s-ce-Samedi-3.png 1080w\" sizes=\"(max-width: 576px) 100vw, 576px\" \/><\/a><\/p>\n<p>Ces mod\u00e8les de bijoux peuvent \u00eatre plac\u00e9s lors du per\u00e7age (prix \u00e0 partir de 10\u20ac suppl\u00e9mentaire par bijoux en plus du per\u00e7age dans la limite des stocks disponibles) ou \u00e0 la place de vos \u00ab\u00a0anciens\u00a0\u00bb piercings si ceux-ci sont d\u00e9j\u00e0 biens stables, Ils peuvent \u00eatre utilis\u00e9s pour les piercings: H\u00e9lix, Tragus, Faux rook, Conch, Daith, Lobe, Stacked lobe, Anti-h\u00e9lix et Flat.<\/p>\n<p>Votre salon de piercings priv\u00e9 \u00e0 Jambes vous re\u00e7oit toujours sur rendez-vous pour un meilleur accompagnement.<\/p>\n<p><a href=\"https:\/\/www.paulinemorin.com\/index.php\/piercings-premiere-pose-disponibles\/65e7cd8b-c5ef-4ec9-a8fc-c8450aa86fcc\/\" rel=\"attachment wp-att-5087\"><img loading=\"lazy\" class=\"alignnone size-large wp-image-5087\" src=\"https:\/\/www.paulinemorin.com\/wp-content\/uploads\/2024\/04\/65E7CD8B-C5EF-4EC9-A8FC-C8450AA86FCC-1024x1024.png\" alt=\"\" width=\"648\" height=\"648\" srcset=\"https:\/\/www.paulinemorin.com\/wp-content\/uploads\/2024\/04\/65E7CD8B-C5EF-4EC9-A8FC-C8450AA86FCC-1024x1024.png 1024w, https:\/\/www.paulinemorin.com\/wp-content\/uploads\/2024\/04\/65E7CD8B-C5EF-4EC9-A8FC-C8450AA86FCC-300x300.png 300w, https:\/\/www.paulinemorin.com\/wp-content\/uploads\/2024\/04\/65E7CD8B-C5EF-4EC9-A8FC-C8450AA86FCC-150x150.png 150w, https:\/\/www.paulinemorin.com\/wp-content\/uploads\/2024\/04\/65E7CD8B-C5EF-4EC9-A8FC-C8450AA86FCC-768x768.png 768w, https:\/\/www.paulinemorin.com\/wp-content\/uploads\/2024\/04\/65E7CD8B-C5EF-4EC9-A8FC-C8450AA86FCC-60x60.png 60w, https:\/\/www.paulinemorin.com\/wp-content\/uploads\/2024\/04\/65E7CD8B-C5EF-4EC9-A8FC-C8450AA86FCC.png 1080w\" sizes=\"(max-width: 648px) 100vw, 648px\" \/><\/a><\/p>\n<p>&#x2b07;&#xfe0f; Pour prendre votre rendez-vous du Lundi au Samedi &#x2b07;&#xfe0f;:<\/p>\n<p><a href=\"https:\/\/www.paulinemorin.com\/index.php\/contact\/\">RENDEZ-VOUS<\/a><\/p>\n","protected":false},"excerpt":{"rendered":"<p>En plus d&rsquo;offrir une qualit\u00e9 exceptionnelle, nos nouveaux piercings en titane ASTM F-136 offrent un large \u00e9ventail d&rsquo;options de style et de personnalisation. Lors de votre rendez-vous dans votre salon de piercings \u00e0 Jambes, vous aurez la possibilit\u00e9 de choisir un beau bijou pour votre piercing parmi notre s\u00e9lection soigneusement choisie. Que vous recherchiez quelque [&hellip;]<\/p>\n","protected":false},"author":2,"featured_media":0,"parent":0,"menu_order":0,"comment_status":"closed","ping_status":"closed","template":"","meta":[],"_links":{"self":[{"href":"https:\/\/www.paulinemorin.com\/index.php\/wp-json\/wp\/v2\/pages\/5080"}],"collection":[{"href":"https:\/\/www.paulinemorin.com\/index.php\/wp-json\/wp\/v2\/pages"}],"about":[{"href":"https:\/\/www.paulinemorin.com\/index.php\/wp-json\/wp\/v2\/types\/page"}],"author":[{"embeddable":true,"href":"https:\/\/www.paulinemorin.com\/index.php\/wp-json\/wp\/v2\/users\/2"}],"replies":[{"embeddable":true,"href":"https:\/\/www.paulinemorin.com\/index.php\/wp-json\/wp\/v2\/comments?post=5080"}],"version-history":[{"count":9,"href":"https:\/\/www.paulinemorin.com\/index.php\/wp-json\/wp\/v2\/pages\/5080\/revisions"}],"predecessor-version":[{"id":5102,"href":"https:\/\/www.paulinemorin.com\/index.php\/wp-json\/wp\/v2\/pages\/5080\/revisions\/5102"}],"wp:attachment":[{"href":"https:\/\/www.paulinemorin.com\/index.php\/wp-json\/wp\/v2\/media?parent=5080"}],"curies":[{"name":"wp","href":"https:\/\/api.w.org\/{rel}","templated":true}]}}